{"id":987,"date":"2026-04-18T09:14:05","date_gmt":"2026-04-18T09:14:05","guid":{"rendered":"https:\/\/ruhr-grow.de\/?post_type=product&#038;p=987"},"modified":"2026-04-18T09:42:35","modified_gmt":"2026-04-18T09:42:35","slug":"glp-1-supreme","status":"publish","type":"product","link":"https:\/\/ruhr-grow.de\/cs\/product\/glp-1-supreme\/","title":{"rendered":"GLP-1 Supreme \u2013 v l\u00e9k\u00e1rn\u011b, cena, recenze a zku\u0161enosti, negativn\u00ed n\u00e1zory"},"content":{"rendered":"<h2>GLP-1 Supreme \u2013 v l\u00e9k\u00e1rn\u011b, cena, recenze a zku\u0161enosti, negativn\u00ed n\u00e1zory<\/h2>\n","protected":false},"excerpt":{"rendered":"<p>GLP-1 Supreme \u2013 v l\u00e9k\u00e1rn\u011b, cena, recenze a zku\u0161enosti, negativn\u00ed n\u00e1zory<\/p>\n","protected":false},"featured_media":0,"comment_status":"open","ping_status":"closed","template":"","meta":{"neve_meta_sidebar":"","neve_meta_container":"","neve_meta_enable_content_width":"off","neve_meta_content_width":100,"neve_meta_title_alignment":"","neve_meta_author_avatar":"","neve_post_elements_order":"","neve_meta_disable_header":"","neve_meta_disable_footer":"","neve_meta_disable_title":""},"product_brand":[],"product_cat":[],"product_tag":[],"class_list":{"0":"post-987","1":"product","2":"type-product","3":"status-publish","6":"first","7":"instock","8":"shipping-taxable","9":"product-type-simple"},"yoast_head":"<!-- This site is optimized with the Yoast SEO plugin v27.3 - https:\/\/yoast.com\/product\/yoast-seo-wordpress\/ -->\n<title>GLP-1 Supreme \u2013 v l\u00e9k\u00e1rn\u011b, cena, recenze a zku\u0161enosti, negativn\u00ed n\u00e1zory - ruhr-grow.de<\/title>\n<meta name=\"robots\" content=\"index, follow, max-snippet:-1, max-image-preview:large, max-video-preview:-1\" \/>\n<link rel=\"canonical\" href=\"https:\/\/ruhr-grow.de\/cs\/product\/glp-1-supreme\/\" \/>\n<meta property=\"og:locale\" content=\"cs_CZ\" \/>\n<meta property=\"og:type\" content=\"article\" \/>\n<meta property=\"og:title\" content=\"GLP-1 Supreme \u2013 v l\u00e9k\u00e1rn\u011b, cena, recenze a zku\u0161enosti, negativn\u00ed n\u00e1zory - ruhr-grow.de\" \/>\n<meta property=\"og:description\" content=\"GLP-1 Supreme \u2013 v l\u00e9k\u00e1rn\u011b, cena, recenze a zku\u0161enosti, negativn\u00ed n\u00e1zory\" \/>\n<meta property=\"og:url\" content=\"https:\/\/ruhr-grow.de\/cs\/product\/glp-1-supreme\/\" \/>\n<meta property=\"og:site_name\" content=\"ruhr-grow.de\" \/>\n<meta property=\"article:modified_time\" content=\"2026-04-18T09:42:35+00:00\" \/>\n<meta name=\"twitter:card\" content=\"summary_large_image\" \/>\n<meta name=\"twitter:label1\" content=\"Est. reading time\" \/>\n\t<meta name=\"twitter:data1\" content=\"1 minuta\" \/>\n<script type=\"application\/ld+json\" class=\"yoast-schema-graph\">{\"@context\":\"https:\\\/\\\/schema.org\",\"@graph\":[{\"@type\":\"WebPage\",\"@id\":\"https:\\\/\\\/ruhr-grow.de\\\/cs\\\/product\\\/glp-1-supreme\\\/\",\"url\":\"https:\\\/\\\/ruhr-grow.de\\\/cs\\\/product\\\/glp-1-supreme\\\/\",\"name\":\"GLP-1 Supreme \u2013 v l\u00e9k\u00e1rn\u011b, cena, recenze a zku\u0161enosti, negativn\u00ed n\u00e1zory - ruhr-grow.de\",\"isPartOf\":{\"@id\":\"https:\\\/\\\/ruhr-grow.de\\\/#website\"},\"datePublished\":\"2026-04-18T09:14:05+00:00\",\"dateModified\":\"2026-04-18T09:42:35+00:00\",\"breadcrumb\":{\"@id\":\"https:\\\/\\\/ruhr-grow.de\\\/cs\\\/product\\\/glp-1-supreme\\\/#breadcrumb\"},\"inLanguage\":\"cs\",\"potentialAction\":[{\"@type\":\"ReadAction\",\"target\":[\"https:\\\/\\\/ruhr-grow.de\\\/cs\\\/product\\\/glp-1-supreme\\\/\"]}]},{\"@type\":\"BreadcrumbList\",\"@id\":\"https:\\\/\\\/ruhr-grow.de\\\/cs\\\/product\\\/glp-1-supreme\\\/#breadcrumb\",\"itemListElement\":[{\"@type\":\"ListItem\",\"position\":1,\"name\":\"Home\",\"item\":\"https:\\\/\\\/ruhr-grow.de\\\/\"},{\"@type\":\"ListItem\",\"position\":2,\"name\":\"Shop\",\"item\":\"https:\\\/\\\/ruhr-grow.de\\\/shop\\\/\"},{\"@type\":\"ListItem\",\"position\":3,\"name\":\"GLP-1 Supreme \u2013 v l\u00e9k\u00e1rn\u011b, cena, recenze a zku\u0161enosti, negativn\u00ed n\u00e1zory\"}]},{\"@type\":\"WebSite\",\"@id\":\"https:\\\/\\\/ruhr-grow.de\\\/#website\",\"url\":\"https:\\\/\\\/ruhr-grow.de\\\/\",\"name\":\"ruhr-grow.de\",\"description\":\"\",\"potentialAction\":[{\"@type\":\"SearchAction\",\"target\":{\"@type\":\"EntryPoint\",\"urlTemplate\":\"https:\\\/\\\/ruhr-grow.de\\\/?s={search_term_string}\"},\"query-input\":{\"@type\":\"PropertyValueSpecification\",\"valueRequired\":true,\"valueName\":\"search_term_string\"}}],\"inLanguage\":\"cs\"}]}<\/script>\n<!-- \/ Yoast SEO plugin. -->","yoast_head_json":{"title":"GLP-1 Supreme \u2013 v l\u00e9k\u00e1rn\u011b, cena, recenze a zku\u0161enosti, negativn\u00ed n\u00e1zory - ruhr-grow.de","robots":{"index":"index","follow":"follow","max-snippet":"max-snippet:-1","max-image-preview":"max-image-preview:large","max-video-preview":"max-video-preview:-1"},"canonical":"https:\/\/ruhr-grow.de\/cs\/product\/glp-1-supreme\/","og_locale":"cs_CZ","og_type":"article","og_title":"GLP-1 Supreme \u2013 v l\u00e9k\u00e1rn\u011b, cena, recenze a zku\u0161enosti, negativn\u00ed n\u00e1zory - ruhr-grow.de","og_description":"GLP-1 Supreme \u2013 v l\u00e9k\u00e1rn\u011b, cena, recenze a zku\u0161enosti, negativn\u00ed n\u00e1zory","og_url":"https:\/\/ruhr-grow.de\/cs\/product\/glp-1-supreme\/","og_site_name":"ruhr-grow.de","article_modified_time":"2026-04-18T09:42:35+00:00","twitter_card":"summary_large_image","twitter_misc":{"Est. reading time":"1 minuta"},"schema":{"@context":"https:\/\/schema.org","@graph":[{"@type":"WebPage","@id":"https:\/\/ruhr-grow.de\/cs\/product\/glp-1-supreme\/","url":"https:\/\/ruhr-grow.de\/cs\/product\/glp-1-supreme\/","name":"GLP-1 Supreme \u2013 v l\u00e9k\u00e1rn\u011b, cena, recenze a zku\u0161enosti, negativn\u00ed n\u00e1zory - ruhr-grow.de","isPartOf":{"@id":"https:\/\/ruhr-grow.de\/#website"},"datePublished":"2026-04-18T09:14:05+00:00","dateModified":"2026-04-18T09:42:35+00:00","breadcrumb":{"@id":"https:\/\/ruhr-grow.de\/cs\/product\/glp-1-supreme\/#breadcrumb"},"inLanguage":"cs","potentialAction":[{"@type":"ReadAction","target":["https:\/\/ruhr-grow.de\/cs\/product\/glp-1-supreme\/"]}]},{"@type":"BreadcrumbList","@id":"https:\/\/ruhr-grow.de\/cs\/product\/glp-1-supreme\/#breadcrumb","itemListElement":[{"@type":"ListItem","position":1,"name":"Home","item":"https:\/\/ruhr-grow.de\/"},{"@type":"ListItem","position":2,"name":"Shop","item":"https:\/\/ruhr-grow.de\/shop\/"},{"@type":"ListItem","position":3,"name":"GLP-1 Supreme \u2013 v l\u00e9k\u00e1rn\u011b, cena, recenze a zku\u0161enosti, negativn\u00ed n\u00e1zory"}]},{"@type":"WebSite","@id":"https:\/\/ruhr-grow.de\/#website","url":"https:\/\/ruhr-grow.de\/","name":"ruhr-grow.de","description":"","potentialAction":[{"@type":"SearchAction","target":{"@type":"EntryPoint","urlTemplate":"https:\/\/ruhr-grow.de\/?s={search_term_string}"},"query-input":{"@type":"PropertyValueSpecification","valueRequired":true,"valueName":"search_term_string"}}],"inLanguage":"cs"}]}},"_links":{"self":[{"href":"https:\/\/ruhr-grow.de\/cs\/wp-json\/wp\/v2\/product\/987","targetHints":{"allow":["GET"]}}],"collection":[{"href":"https:\/\/ruhr-grow.de\/cs\/wp-json\/wp\/v2\/product"}],"about":[{"href":"https:\/\/ruhr-grow.de\/cs\/wp-json\/wp\/v2\/types\/product"}],"replies":[{"embeddable":true,"href":"https:\/\/ruhr-grow.de\/cs\/wp-json\/wp\/v2\/comments?post=987"}],"wp:attachment":[{"href":"https:\/\/ruhr-grow.de\/cs\/wp-json\/wp\/v2\/media?parent=987"}],"wp:term":[{"taxonomy":"product_brand","embeddable":true,"href":"https:\/\/ruhr-grow.de\/cs\/wp-json\/wp\/v2\/product_brand?post=987"},{"taxonomy":"product_cat","embeddable":true,"href":"https:\/\/ruhr-grow.de\/cs\/wp-json\/wp\/v2\/product_cat?post=987"},{"taxonomy":"product_tag","embeddable":true,"href":"https:\/\/ruhr-grow.de\/cs\/wp-json\/wp\/v2\/product_tag?post=987"}],"curies":[{"name":"wp","href":"https:\/\/api.w.org\/{rel}","templated":true}]}}